{"id":907,"date":"2023-03-20T12:20:01","date_gmt":"2023-03-20T12:20:01","guid":{"rendered":"https:\/\/solascripturauniversity.org\/?page_id=907"},"modified":"2023-03-20T12:33:55","modified_gmt":"2023-03-20T12:33:55","slug":"academic-honesty","status":"publish","type":"page","link":"https:\/\/solascripturauniversity.org\/ro\/academic-honesty\/","title":{"rendered":"Onestitate academic\u0103"},"content":{"rendered":"<div data-elementor-type=\"wp-page\" data-elementor-id=\"907\" class=\"elementor elementor-907\">\n\t\t\t\t\t\t<section class=\"elementor-section elementor-top-section elementor-element elementor-element-97d5579 elementor-section-boxed elementor-section-height-default elementor-section-height-default\" data-id=\"97d5579\" data-element_type=\"section\">\n\t\t\t\t\t\t<div class=\"elementor-container elementor-column-gap-default\">\n\t\t\t\t\t<div class=\"elementor-column elementor-col-100 elementor-top-column elementor-element elementor-element-2b25b37f\" data-id=\"2b25b37f\" data-element_type=\"column\">\n\t\t\t<div class=\"elementor-widget-wrap elementor-element-populated\">\n\t\t\t\t\t\t<div class=\"elementor-element elementor-element-8404f83 elementor-widget elementor-widget-image\" data-id=\"8404f83\" data-element_type=\"widget\" data-widget_type=\"image.default\">\n\t\t\t\t<div class=\"elementor-widget-container\">\n\t\t\t\t\t\t\t\t\t\t\t\t\t\t\t<img decoding=\"async\" src=\"https:\/\/solascripturauniversity.org\/wp-content\/uploads\/2023\/03\/WhatsApp-Image-2023-03-17-at-15.06.45.jpg\" title=\"Imagine WhatsApp 2023-03-17 la 15.06.45\" alt=\"WhatsApp Image 2023-03-17 at 15.06.45\" loading=\"lazy\" \/>\t\t\t\t\t\t\t\t\t\t\t\t\t\t\t<\/div>\n\t\t\t\t<\/div>\n\t\t\t\t<div class=\"elementor-element elementor-element-348914d4 elementor-widget elementor-widget-text-editor\" data-id=\"348914d4\" data-element_type=\"widget\" data-widget_type=\"text-editor.default\">\n\t\t\t\t<div class=\"elementor-widget-container\">\n\t\t\t\t\t\t\t\t\t<p><\/p>\n<h2 class=\"wp-block-heading\">Onestitate academic\u0103<\/h2>\n<p>\u00a0 \u00cen conformitate cu mo\u0219tenirea \u0219i angajamentul nostru cre\u0219tin, Colegiul \u0219i Seminarul Sola Scriptura se angajeaz\u0103 s\u0103 respecte cele mai \u00eenalte standarde etice \u0219i morale posibile. A\u0219a cum ne vom str\u0103dui \u00een mod constant s\u0103 respect\u0103m aceste standarde \u00eenalte, ne a\u0219tept\u0103m ca studen\u021bii no\u0219tri s\u0103 fac\u0103 acela\u0219i lucru. \u00cen acest scop, \u00een\u0219el\u0103ciunea de orice fel nu va fi tolerat\u0103. Elevii c\u0103rora li se descoper\u0103 c\u0103 tri\u0219eaz\u0103 sunt supu\u0219i disciplinei p\u00e2n\u0103 la e\u0219ecul unui curs \u0219i excluderea.<\/p>\n<p>\u00a0Defini\u021bia noastr\u0103 a \u00een\u0219el\u0103ciunii include, dar nu se limiteaz\u0103 la:<br \/><strong>\u00a0 1. Plagiat<\/strong> \u2013 folosirea muncii altuia ca a propriei persoane f\u0103r\u0103 a da credit individului. Aceasta include utilizarea materialelor de pe internet. Nu copia\u021bi c\u0103r\u021bile; ve\u021bi avea o lucrare perfect\u0103 \u0219i o not\u0103 nereu\u0219it\u0103.<br \/><strong>\u00a0 2. Copierea r\u0103spunsurilor altei persoane \u00een timpul unui examen.<\/strong><br \/><strong>\u00a0 3. Permiterea \u00een mod deliberat altuia s\u0103 le copieze pe ale cuiva <\/strong><br \/><strong>r\u0103spunsuri sau munc\u0103.<\/strong><br \/><strong>\u00a0 4. Semnarea unei liste de prezen\u021b\u0103 pentru altul <\/strong><br \/><strong>care nu este prezent.<\/strong><\/p>\n<p>\u00a0 \u00cen cazul special al lucrului \u00een grup, instructorul va clarifica a\u0219tept\u0103rile sale cu privire la munca individual\u0103 vs. colaborativ\u0103. O \u00eenc\u0103lcare a acestor a\u0219tept\u0103ri poate fi considerat\u0103 \u0219i \u00een\u0219el\u0103ciune.<\/p>\n<p>\u00a0 \u00cen concluzie, este misiunea noastr\u0103 s\u0103 preg\u0103tim fiecare student pentru o via\u021b\u0103 de semnifica\u021bie \u0219i serviciu. Onestitatea \u0219i comportamentul etic sunt temelia pe care se construiesc astfel de vie\u021bi. Prin urmare, ne a\u0219tept\u0103m la cele mai \u00eenalte standarde ale fiec\u0103rui student \u00een acest sens. Cursurile pot fi trimise prin po\u0219t\u0103 sau prin e-mail \u00een por\u021biuni sau \u00een form\u0103 completat\u0103, pentru un raport prompt de calificare. Elevii pot retrimite o tem\u0103 pentru notare dac\u0103 consider\u0103 c\u0103 nota ini\u021bial\u0103 primit\u0103 nu reflect\u0103 eforturile lor cele mai bune. Studen\u021bii trebuie s\u0103 urmeze instruc\u021biunile de lucru primite. Este responsabilitatea studentului s\u0103 fac\u0103 \u0219i s\u0103 p\u0103streze copii de pe toat\u0103 coresponden\u021ba trimis\u0103 c\u0103tre SSCS.<\/p>\n<p>\u00a0Studen\u021bii care doresc s\u0103 fac\u0103 modific\u0103ri la cursurile, subiectele sau domeniul major preselectate ini\u021bial, inclusiv concentrarea academic\u0103, au op\u021biunea de a face acest lucru f\u0103r\u0103 penalit\u0103\u021bi. Toate creditele c\u00e2\u0219tigate vor fi onorate.<\/p>\n<p><\/p>\t\t\t\t\t\t\t\t<\/div>\n\t\t\t\t<\/div>\n\t\t\t\t\t<\/div>\n\t\t<\/div>\n\t\t\t\t\t<\/div>\n\t\t<\/section>\n\t\t\t\t<\/div>","protected":false},"excerpt":{"rendered":"<p>Onestitate academic\u0103 \u00cen conformitate cu mo\u0219tenirea \u0219i angajamentul nostru cre\u0219tin, Colegiul \u0219i Seminarul Sola Scriptura se angajeaz\u0103 s\u0103 respecte cele mai \u00eenalte standarde etice \u0219i morale posibile. A\u0219a cum ne vom str\u0103dui \u00een mod constant s\u0103 ne ridic\u0103m la aceste standarde \u00eenalte, ne a\u0219tept\u0103m ca studen\u021bii no\u0219tri s\u0103 fac\u0103 acela\u0219i lucru. \u00cen acest scop, \u00een\u0219el\u0103ciunea de orice fel va [\u2026]<\/p>","protected":false},"author":1,"featured_media":0,"parent":0,"menu_order":0,"comment_status":"closed","ping_status":"closed","template":"elementor_header_footer","meta":{"footnotes":""},"class_list":["post-907","page","type-page","status-publish","hentry"],"_links":{"self":[{"href":"https:\/\/solascripturauniversity.org\/ro\/wp-json\/wp\/v2\/pages\/907","targetHints":{"allow":["GET"]}}],"collection":[{"href":"https:\/\/solascripturauniversity.org\/ro\/wp-json\/wp\/v2\/pages"}],"about":[{"href":"https:\/\/solascripturauniversity.org\/ro\/wp-json\/wp\/v2\/types\/page"}],"author":[{"embeddable":true,"href":"https:\/\/solascripturauniversity.org\/ro\/wp-json\/wp\/v2\/users\/1"}],"replies":[{"embeddable":true,"href":"https:\/\/solascripturauniversity.org\/ro\/wp-json\/wp\/v2\/comments?post=907"}],"version-history":[{"count":7,"href":"https:\/\/solascripturauniversity.org\/ro\/wp-json\/wp\/v2\/pages\/907\/revisions"}],"predecessor-version":[{"id":914,"href":"https:\/\/solascripturauniversity.org\/ro\/wp-json\/wp\/v2\/pages\/907\/revisions\/914"}],"wp:attachment":[{"href":"https:\/\/solascripturauniversity.org\/ro\/wp-json\/wp\/v2\/media?parent=907"}],"curies":[{"name":"wp","href":"https:\/\/api.w.org\/{rel}","templated":true}]}}