{"id":884,"date":"2023-03-17T15:10:30","date_gmt":"2023-03-17T15:10:30","guid":{"rendered":"https:\/\/solascripturauniversity.org\/?page_id=884"},"modified":"2023-03-17T15:21:31","modified_gmt":"2023-03-17T15:21:31","slug":"application-process","status":"publish","type":"page","link":"https:\/\/solascripturauniversity.org\/ro\/application-process\/","title":{"rendered":"Procesul de aplicare"},"content":{"rendered":"<div data-elementor-type=\"wp-page\" data-elementor-id=\"884\" class=\"elementor elementor-884\">\n\t\t\t\t\t\t<section class=\"elementor-section elementor-top-section elementor-element elementor-element-97d5579 elementor-section-boxed elementor-section-height-default elementor-section-height-default\" data-id=\"97d5579\" data-element_type=\"section\">\n\t\t\t\t\t\t<div class=\"elementor-container elementor-column-gap-default\">\n\t\t\t\t\t<div class=\"elementor-column elementor-col-100 elementor-top-column elementor-element elementor-element-2b25b37f\" data-id=\"2b25b37f\" data-element_type=\"column\">\n\t\t\t<div class=\"elementor-widget-wrap elementor-element-populated\">\n\t\t\t\t\t\t<div class=\"elementor-element elementor-element-8404f83 elementor-widget elementor-widget-image\" data-id=\"8404f83\" data-element_type=\"widget\" data-widget_type=\"image.default\">\n\t\t\t\t<div class=\"elementor-widget-container\">\n\t\t\t\t\t\t\t\t\t\t\t\t\t\t\t<img decoding=\"async\" src=\"https:\/\/solascripturauniversity.org\/wp-content\/uploads\/2023\/03\/WhatsApp-Image-2023-03-17-at-15.06.45.jpg\" title=\"Imagine WhatsApp 2023-03-17 la 15.06.45\" alt=\"WhatsApp Image 2023-03-17 at 15.06.45\" loading=\"lazy\" \/>\t\t\t\t\t\t\t\t\t\t\t\t\t\t\t<\/div>\n\t\t\t\t<\/div>\n\t\t\t\t<div class=\"elementor-element elementor-element-348914d4 elementor-widget elementor-widget-text-editor\" data-id=\"348914d4\" data-element_type=\"widget\" data-widget_type=\"text-editor.default\">\n\t\t\t\t<div class=\"elementor-widget-container\">\n\t\t\t\t\t\t\t\t\t<p><\/p>\n<h2 class=\"wp-block-heading\">Procesul de aplicare<\/h2>\n<p><\/p>\n<p>\u00a01. Aplica\u021bi online la www.solascripturaseminary.org sau trimite\u021bi cererea care se g\u0103se\u0219te \u00een spate<br \/>din acest catalog cu taxa corespunzatoare<\/p>\n<p>\u00a02. S\u0103 fie trimise direct la SSCS transcrierile oficiale ale fiec\u0103rei institu\u021bii la care a participat.<\/p>\n<p>\u00a03. Trimite\u021bi la SSC formularul de referin\u021b\u0103 pentru caracterul cre\u0219tin completat<\/p>\n<p><strong>Programul de licen\u021b\u0103<\/strong><\/p>\n<p>\u00a0Solicitan\u021bii care doresc s\u0103 intre \u00een programul de licen\u021b\u0103 trebuie s\u0103 fi \u00eendeplinit cerin\u021bele pentru o diplom\u0103 de liceu cu un GPA minim de 2.0 (pe o scar\u0103 de 4.0).<\/p>\n<p><strong>Programe de Master<\/strong><\/p>\n<p>\u00a0Toate programele de master necesit\u0103 finalizarea satisf\u0103c\u0103toare a unei diplome de licen\u021b\u0103 sau echivalentul acesteia cu un GPA cumulativ de cel pu\u021bin 2,0 (pe o scar\u0103 de 4,0 puncte). Echivalen\u021ba diplomei de licen\u021b\u0103 este \u00een\u021beleas\u0103 \u00een sensul c\u0103 solicitantul a finalizat \u00een mod satisf\u0103c\u0103tor 120 de ore semestriale de munc\u0103 recunoscut\u0103 la nivel de colegiu \u00een care solicitantul a primit cel pu\u021bin un GPA cumulativ de 2,0 (pe o scar\u0103 de 4,0).<\/p>\n<p><strong>Programe de doctorat<\/strong><\/p>\n<p>\u00a01. O istorie acceptabil\u0103, verificabil\u0103 de doi ani, care arat\u0103 o bun\u0103 pozi\u021bie profesional\u0103, aderarea la fundamentele credin\u021bei cre\u0219tine \u0219i un bun caracter \u0219i conduit\u0103 cre\u0219tin\u0103.<\/p>\n<p>\u00a02. O medie cumulativ\u0103 de 3,0 (pe o scar\u0103 de 4,0) \u00een munca recunoscut\u0103 la nivel de absolvent.<\/p>\n<p>\u00a03. V\u00e2rsta minim\u0103 de 25 de ani.<\/p>\n<p>\u00a04. Condi\u021bie preliminar\u0103: diplom\u0103 de master \u00een teologie sau minister<\/p>\t\t\t\t\t\t\t\t<\/div>\n\t\t\t\t<\/div>\n\t\t\t\t\t<\/div>\n\t\t<\/div>\n\t\t\t\t\t<\/div>\n\t\t<\/section>\n\t\t\t\t<\/div>","protected":false},"excerpt":{"rendered":"<p>Application Process \u00a01. Apply online at www.solascripturaseminary.org or submit the application found at the backof this catalog with appropriate fee \u00a02. Have official transcripts from each institution attended sent directly to SSCS. \u00a03. Have the completed Christian character reference form sent to SSC Bachelor\u2019s Program \u00a0Applicants desiring entrance into the Bachelor degree program must have [&hellip;]<\/p>","protected":false},"author":1,"featured_media":0,"parent":0,"menu_order":0,"comment_status":"closed","ping_status":"closed","template":"elementor_header_footer","meta":{"footnotes":""},"class_list":["post-884","page","type-page","status-publish","hentry"],"_links":{"self":[{"href":"https:\/\/solascripturauniversity.org\/ro\/wp-json\/wp\/v2\/pages\/884","targetHints":{"allow":["GET"]}}],"collection":[{"href":"https:\/\/solascripturauniversity.org\/ro\/wp-json\/wp\/v2\/pages"}],"about":[{"href":"https:\/\/solascripturauniversity.org\/ro\/wp-json\/wp\/v2\/types\/page"}],"author":[{"embeddable":true,"href":"https:\/\/solascripturauniversity.org\/ro\/wp-json\/wp\/v2\/users\/1"}],"replies":[{"embeddable":true,"href":"https:\/\/solascripturauniversity.org\/ro\/wp-json\/wp\/v2\/comments?post=884"}],"version-history":[{"count":4,"href":"https:\/\/solascripturauniversity.org\/ro\/wp-json\/wp\/v2\/pages\/884\/revisions"}],"predecessor-version":[{"id":895,"href":"https:\/\/solascripturauniversity.org\/ro\/wp-json\/wp\/v2\/pages\/884\/revisions\/895"}],"wp:attachment":[{"href":"https:\/\/solascripturauniversity.org\/ro\/wp-json\/wp\/v2\/media?parent=884"}],"curies":[{"name":"wp","href":"https:\/\/api.w.org\/{rel}","templated":true}]}}