{"id":1041,"date":"2023-03-24T12:42:47","date_gmt":"2023-03-24T12:42:47","guid":{"rendered":"https:\/\/solascripturauniversity.org\/?page_id=1041"},"modified":"2023-03-24T12:48:08","modified_gmt":"2023-03-24T12:48:08","slug":"certificate-program","status":"publish","type":"page","link":"https:\/\/solascripturauniversity.org\/ro\/certificate-program\/","title":{"rendered":"Programul de certificat"},"content":{"rendered":"<div data-elementor-type=\"wp-page\" data-elementor-id=\"1041\" class=\"elementor elementor-1041\">\n\t\t\t\t\t\t<section class=\"elementor-section elementor-top-section elementor-element elementor-element-97d5579 elementor-section-boxed elementor-section-height-default elementor-section-height-default\" data-id=\"97d5579\" data-element_type=\"section\">\n\t\t\t\t\t\t<div class=\"elementor-container elementor-column-gap-default\">\n\t\t\t\t\t<div class=\"elementor-column elementor-col-100 elementor-top-column elementor-element elementor-element-2b25b37f\" data-id=\"2b25b37f\" data-element_type=\"column\">\n\t\t\t<div class=\"elementor-widget-wrap elementor-element-populated\">\n\t\t\t\t\t\t<div class=\"elementor-element elementor-element-8404f83 elementor-widget elementor-widget-image\" data-id=\"8404f83\" data-element_type=\"widget\" data-widget_type=\"image.default\">\n\t\t\t\t<div class=\"elementor-widget-container\">\n\t\t\t\t\t\t\t\t\t\t\t\t\t\t\t<img decoding=\"async\" src=\"https:\/\/solascripturauniversity.org\/wp-content\/uploads\/2023\/03\/WhatsApp-Image-2023-03-17-at-15.06.45.jpg\" title=\"Imagine WhatsApp 2023-03-17 la 15.06.45\" alt=\"WhatsApp Image 2023-03-17 at 15.06.45\" loading=\"lazy\" \/>\t\t\t\t\t\t\t\t\t\t\t\t\t\t\t<\/div>\n\t\t\t\t<\/div>\n\t\t\t\t<div class=\"elementor-element elementor-element-348914d4 elementor-widget elementor-widget-text-editor\" data-id=\"348914d4\" data-element_type=\"widget\" data-widget_type=\"text-editor.default\">\n\t\t\t\t<div class=\"elementor-widget-container\">\n\t\t\t\t\t\t\t\t\t\n<h2 class=\"wp-block-heading\">Programul de certificat<\/h2>\n\n<p>\u00a0Studen\u021bii care nu sunt hot\u0103r\u00e2\u021bi cu privire la ob\u021binerea unei diplome complete pot \u00eencepe la nivel de certificat \u00een domenii de specialitate ale ministerului. La fel ca programele de licen\u021b\u0103, programele de certificate sunt flexibile, accesibile \u0219i concepute at\u00e2t pentru mini\u0219tri profesionali, c\u00e2t \u0219i pentru cei laici. Studen\u021bii pot urma cursuri pentru a-\u0219i atinge obiectivele \u0219i a-\u0219i \u00eembun\u0103t\u0103\u021bi abilit\u0103\u021bile, \u00een timp ce se implic\u0103 \u00een comunitatea Seminarului \u0219i profit\u0103 de resursele \u0219i oportunit\u0103\u021bile forma\u021bionale.<\/p>\n<p>\u00a0 Candida\u021bii la certificat vor \u00eenv\u0103\u021ba al\u0103turi de studen\u021bi din toate programele, construind rela\u021bii de sus\u021binere \u0219i provocatoare cu al\u021bii din domeniul lor.<\/p>\n<p>\u00a0 Cursurile pentru certificate pot fi luate \u00een considerare pentru diplome de licen\u021b\u0103 sau master (dac\u0103 candidatul la master are o diplom\u0103 de licen\u021b\u0103), iar certificatele pot servi ca concentrare \u00een cadrul unui program de studii sau pot fi de sine st\u0103t\u0103toare pentru studen\u021bii care nu caut\u0103 o diplom\u0103. Consulta\u021bi cerin\u021bele fiec\u0103rui certificat \u0219i programul cursului pentru detalii<\/p>\n<p>\u00a0<strong> NOT\u0102: SSCS ofer\u0103 programul s\u0103u de certificate la $80\/certificat ca un curs de studiu de sine st\u0103t\u0103tor, iar studentul poate aplica creditele c\u00e2\u0219tigate \u00een timpul unui program de certificat c\u0103tre un program de studii.<\/strong><\/p>\t\t\t\t\t\t\t\t<\/div>\n\t\t\t\t<\/div>\n\t\t\t\t\t<\/div>\n\t\t<\/div>\n\t\t\t\t\t<\/div>\n\t\t<\/section>\n\t\t\t\t<\/div>","protected":false},"excerpt":{"rendered":"<p>Programul de certificat Studen\u021bii care nu sunt hot\u0103r\u00e2\u021bi s\u0103 urmeze o diplom\u0103 complet\u0103 pot \u00eencepe la nivel de certificat \u00een domenii de specialitate ale ministerului. La fel ca programele de licen\u021b\u0103, programele de certificate sunt flexibile, accesibile \u0219i concepute at\u00e2t pentru mini\u0219tri profesionali, c\u00e2t \u0219i pentru cei laici. Studen\u021bii pot urma cursuri pentru a-\u0219i atinge obiectivele \u0219i a-\u0219i \u00eembun\u0103t\u0103\u021bi abilit\u0103\u021bile, \u00een timp ce [\u2026]<\/p>","protected":false},"author":1,"featured_media":0,"parent":0,"menu_order":0,"comment_status":"closed","ping_status":"closed","template":"elementor_header_footer","meta":{"footnotes":""},"class_list":["post-1041","page","type-page","status-publish","hentry"],"_links":{"self":[{"href":"https:\/\/solascripturauniversity.org\/ro\/wp-json\/wp\/v2\/pages\/1041","targetHints":{"allow":["GET"]}}],"collection":[{"href":"https:\/\/solascripturauniversity.org\/ro\/wp-json\/wp\/v2\/pages"}],"about":[{"href":"https:\/\/solascripturauniversity.org\/ro\/wp-json\/wp\/v2\/types\/page"}],"author":[{"embeddable":true,"href":"https:\/\/solascripturauniversity.org\/ro\/wp-json\/wp\/v2\/users\/1"}],"replies":[{"embeddable":true,"href":"https:\/\/solascripturauniversity.org\/ro\/wp-json\/wp\/v2\/comments?post=1041"}],"version-history":[{"count":5,"href":"https:\/\/solascripturauniversity.org\/ro\/wp-json\/wp\/v2\/pages\/1041\/revisions"}],"predecessor-version":[{"id":1046,"href":"https:\/\/solascripturauniversity.org\/ro\/wp-json\/wp\/v2\/pages\/1041\/revisions\/1046"}],"wp:attachment":[{"href":"https:\/\/solascripturauniversity.org\/ro\/wp-json\/wp\/v2\/media?parent=1041"}],"curies":[{"name":"wp","href":"https:\/\/api.w.org\/{rel}","templated":true}]}}